{"id":86,"date":"2023-09-16T12:01:06","date_gmt":"2023-09-16T10:01:06","guid":{"rendered":"https:\/\/alniddo.be\/?page_id=86"},"modified":"2025-06-02T23:14:45","modified_gmt":"2025-06-02T21:14:45","slug":"nos-engagements","status":"publish","type":"page","link":"https:\/\/alniddo.be\/index.php\/nos-engagements\/","title":{"rendered":"Nos engagements"},"content":{"rendered":"\n<div class=\"wp-block-columns is-layout-flex wp-container-core-columns-is-layout-cbbdb216 wp-block-columns-is-layout-flex\" style=\"padding-top:var(--wp--preset--spacing--20);padding-right:0;padding-bottom:var(--wp--preset--spacing--20);padding-left:0\">\n<div class=\"wp-block-column is-layout-flow wp-block-column-is-layout-flow\">\n<p><strong>Afin d&#8217;accueillir au mieux vos enfants, Al nidDo garanti le respect de diff\u00e9rents engagements.<\/strong><\/p>\n<\/div>\n\n\n\n<div class=\"wp-block-column is-layout-flow wp-block-column-is-layout-flow\" style=\"flex-basis:200px\">\n<div class=\"wp-block-uagb-image aligncenter uagb-block-ee4aeabe wp-block-uagb-image--layout-default wp-block-uagb-image--effect-static wp-block-uagb-image--align-center\"><figure class=\"wp-block-uagb-image__figure\"><img decoding=\"async\" srcset=\"https:\/\/alniddo.be\/wp-content\/uploads\/2023\/09\/Engagements2-1.png ,https:\/\/alniddo.be\/wp-content\/uploads\/2023\/09\/Engagements2-1.png 780w, https:\/\/alniddo.be\/wp-content\/uploads\/2023\/09\/Engagements2-1.png 360w\" sizes=\"auto, (max-width: 480px) 150px\" src=\"https:\/\/alniddo.be\/wp-content\/uploads\/2023\/09\/Engagements2-1.png\" alt=\"\" class=\"uag-image-107\" width=\"60\" height=\"61\" title=\"Engagements2-1\" loading=\"lazy\" role=\"img\"\/><\/figure><\/div>\n<\/div>\n<\/div>\n\n\n\n<div class=\"wp-block-uagb-image uagb-block-83a434e5 wp-block-uagb-image--layout-default wp-block-uagb-image--effect-static wp-block-uagb-image--align-none\"><figure class=\"wp-block-uagb-image__figure\"><img decoding=\"async\" srcset=\"https:\/\/alniddo.be\/wp-content\/uploads\/2023\/09\/Engagements_Plan-de-travail-1-1024x302.png \" sizes=\"auto, (max-width: 480px) 150px\" src=\"https:\/\/alniddo.be\/wp-content\/uploads\/2023\/09\/Engagements_Plan-de-travail-1-1024x302.png\" alt=\"\" class=\"uag-image-87\" width=\"829\" height=\"220\" title=\"\" loading=\"lazy\" role=\"img\"\/><\/figure><\/div>\n\n\n\n<div class=\"wp-block-uagb-separator uagb-block-89af5bb5\"><div class=\"wp-block-uagb-separator__inner\" style=\"--my-background-image:\"><\/div><\/div>\n\n\n\n<h5 class=\"wp-block-heading\"><strong>Pourquoi avoir choisi la p\u00e9dagogie Montessori pour Al nidDo?<\/strong><\/h5>\n\n\n\n<p>Pour permettre aux enfant accueillis de devenir autonomes et ind\u00e9pendants et ainsi d\u00e9velopper la confiance en soi et leur estime de soi.<\/p>\n\n\n\n<h5 class=\"wp-block-heading\"><strong>Comment favoriser vous l\u2019autonomie et l\u2019ind\u00e9pendance de l\u2019enfant?<\/strong><\/h5>\n\n\n\n<p>Nous leur proposons un environnement o\u00f9 leur sont pr\u00e9sent\u00e9s les activit\u00e9s Montessori. Ils peuvent donc \u00e0 leur rythme choisir l\u2019activit\u00e9 avec laquelle ils ont envie de jouer. Les diff\u00e9rentes activit\u00e9s Montessori sont pens\u00e9es pour qu\u2019une seule habilet\u00e9 soit sollicit\u00e9e \u00e0 la fois. Cela permet \u00e0 l\u2019enfant de se concentr\u00e9 sur ce qu\u2019il est en train de r\u00e9aliser. Elles sont \u00e9galement pens\u00e9es en fonction de l\u2019\u00e2ge des enfants. Les activit\u00e9s des tous petits sont diff\u00e9rentes de celles des plus grands. Pour les plus grands, de nombreuses activit\u00e9s de vie pratiques sont propos\u00e9es. A deux ans et demi, les enfants sont capable de s\u2019habiller pour aller dehors, de manger un fruit tout seul, de se coiffer, de se laver les mains\u2026<\/p>\n\n\n\n<h5 class=\"wp-block-heading\"><strong>Qu\u2019est ce que vous appelez les activit\u00e9s de vie pratiques?<\/strong><\/h5>\n\n\n\n<p>Ce sont des activit\u00e9s qui permettent \u00e0 l\u2019enfant de faire comme les grands; comme de brosser par terre, ramasser la poussi\u00e8re, faire le pain, essuyer la table,&nbsp; laver la table, faire la vaisselle, s\u2019occuper de la plante, laver les vitres\u2026 Ces activit\u00e9s permettent de faire vivre des exp\u00e9riences actives \u00e0 l\u2019enfant. Ces activit\u00e9s offrent diff\u00e9rentes opportunit\u00e9s \u00e0 l\u2019enfant : le raffinement de la motricit\u00e9 fine et globale, l\u2019appartenance \u00e0 un groupe, la satisfaction de faire seul, le d\u00e9veloppement de la volont\u00e9, le contr\u00f4le de l\u2019erreur, la concentration, l\u2019apprentissage des s\u00e9quences \u00e0 respecter, la collaboration, la confiance en soi et l\u2019estime de soi,\u2026<\/p>\n","protected":false},"excerpt":{"rendered":"<p>Afin d&#8217;accueillir au mieux vos enfants, Al nidDo garanti le respect de diff\u00e9rents engagements. Pourquoi avoir choisi la p\u00e9dagogie Montessori pour Al nidDo? Pour permettre aux enfant accueillis de devenir autonomes et ind\u00e9pendants et ainsi d\u00e9velopper la confiance en soi et leur estime de soi. Comment favoriser vous l\u2019autonomie et l\u2019ind\u00e9pendance de l\u2019enfant? Nous leur [&hellip;]<\/p>\n","protected":false},"author":2,"featured_media":0,"parent":0,"menu_order":0,"comment_status":"closed","ping_status":"closed","template":"","meta":{"_uag_custom_page_level_css":"","site-sidebar-layout":"default","site-content-layout":"","ast-site-content-layout":"","site-content-style":"default","site-sidebar-style":"default","ast-global-header-display":"","ast-banner-title-visibility":"","ast-main-header-display":"","ast-hfb-above-header-display":"","ast-hfb-below-header-display":"","ast-hfb-mobile-header-display":"","site-post-title":"","ast-breadcrumbs-content":"","ast-featured-img":"","footer-sml-layout":"","theme-transparent-header-meta":"","adv-header-id-meta":"","stick-header-meta":"","header-above-stick-meta":"","header-main-stick-meta":"","header-below-stick-meta":"","astra-migrate-meta-layouts":"default","ast-page-background-enabled":"default","ast-page-background-meta":{"desktop":{"background-color":"var(--ast-global-color-4)","background-image":"","background-repeat":"repeat","background-position":"center center","background-size":"auto","background-attachment":"scroll","background-type":"","background-media":"","overlay-type":"","overlay-color":"","overlay-opacity":"","overlay-gradient":""},"tablet":{"background-color":"","background-image":"","background-repeat":"repeat","background-position":"center center","background-size":"auto","background-attachment":"scroll","background-type":"","background-media":"","overlay-type":"","overlay-color":"","overlay-opacity":"","overlay-gradient":""},"mobile":{"background-color":"","background-image":"","background-repeat":"repeat","background-position":"center center","background-size":"auto","background-attachment":"scroll","background-type":"","background-media":"","overlay-type":"","overlay-color":"","overlay-opacity":"","overlay-gradient":""}},"ast-content-background-meta":{"desktop":{"background-color":"var(--ast-global-color-5)","background-image":"","background-repeat":"repeat","background-position":"center center","background-size":"auto","background-attachment":"scroll","background-type":"","background-media":"","overlay-type":"","overlay-color":"","overlay-opacity":"","overlay-gradient":""},"tablet":{"background-color":"var(--ast-global-color-5)","background-image":"","background-repeat":"repeat","background-position":"center center","background-size":"auto","background-attachment":"scroll","background-type":"","background-media":"","overlay-type":"","overlay-color":"","overlay-opacity":"","overlay-gradient":""},"mobile":{"background-color":"var(--ast-global-color-5)","background-image":"","background-repeat":"repeat","background-position":"center center","background-size":"auto","background-attachment":"scroll","background-type":"","background-media":"","overlay-type":"","overlay-color":"","overlay-opacity":"","overlay-gradient":""}},"footnotes":""},"class_list":["post-86","page","type-page","status-publish","hentry"],"uagb_featured_image_src":{"full":false,"thumbnail":false,"medium":false,"medium_large":false,"large":false,"1536x1536":false,"2048x2048":false},"uagb_author_info":{"display_name":"Coline Comp\u00e8re","author_link":"https:\/\/alniddo.be\/index.php\/author\/coline\/"},"uagb_comment_info":0,"uagb_excerpt":"Afin d&#8217;accueillir au mieux vos enfants, Al nidDo garanti le respect de diff\u00e9rents engagements. Pourquoi avoir choisi la p\u00e9dagogie Montessori pour Al nidDo? Pour permettre aux enfant accueillis de devenir autonomes et ind\u00e9pendants et ainsi d\u00e9velopper la confiance en soi et leur estime de soi. Comment favoriser vous l\u2019autonomie et l\u2019ind\u00e9pendance de l\u2019enfant? Nous leur&hellip;","_links":{"self":[{"href":"https:\/\/alniddo.be\/index.php\/wp-json\/wp\/v2\/pages\/86","targetHints":{"allow":["GET"]}}],"collection":[{"href":"https:\/\/alniddo.be\/index.php\/wp-json\/wp\/v2\/pages"}],"about":[{"href":"https:\/\/alniddo.be\/index.php\/wp-json\/wp\/v2\/types\/page"}],"author":[{"embeddable":true,"href":"https:\/\/alniddo.be\/index.php\/wp-json\/wp\/v2\/users\/2"}],"replies":[{"embeddable":true,"href":"https:\/\/alniddo.be\/index.php\/wp-json\/wp\/v2\/comments?post=86"}],"version-history":[{"count":8,"href":"https:\/\/alniddo.be\/index.php\/wp-json\/wp\/v2\/pages\/86\/revisions"}],"predecessor-version":[{"id":686,"href":"https:\/\/alniddo.be\/index.php\/wp-json\/wp\/v2\/pages\/86\/revisions\/686"}],"wp:attachment":[{"href":"https:\/\/alniddo.be\/index.php\/wp-json\/wp\/v2\/media?parent=86"}],"curies":[{"name":"wp","href":"https:\/\/api.w.org\/{rel}","templated":true}]}}