{"id":28,"date":"2023-09-16T12:00:56","date_gmt":"2023-09-16T10:00:56","guid":{"rendered":"https:\/\/alniddo.be\/?page_id=28"},"modified":"2023-09-18T18:08:40","modified_gmt":"2023-09-18T16:08:40","slug":"contact","status":"publish","type":"page","link":"https:\/\/alniddo.be\/index.php\/contact\/","title":{"rendered":"Contact"},"content":{"rendered":"\n<p>Notre milieu d\u2019accueil est ouvert du lundi au vendredi de 7h30 \u00e0 17h30 aux enfants de 0 a\u0300 3 ans. Tous les enfants, quels qu\u2019ils soient (sans distinction de race, de rang ou de genre), sont les bienvenus. Les us et coutumes a\u0300 respecter le seront sans a priori. Le milieu d&#8217;accueil favorise l&#8217;int\u00e9gration harmonieuse d&#8217;enfants ayant des besoins sp\u00e9cifiques, dans le respect de leur diff\u00e9rence.<\/p>\n\n\n\n<p>L&#8217;histoire d&#8217;Al nidDo a commenc\u00e9 en 2014 avec Dominique et son nidDo. Aliz\u00e9e l&#8217;a ensuite rejointe d\u00e9but 2022 et a ajout\u00e9 sa patte et les deux premi\u00e8res lettres de son pr\u00e9nom pour former Al nidDo.<\/p>\n\n\n\n<div class=\"wp-block-columns is-layout-flex wp-container-core-columns-is-layout-22586e58 wp-block-columns-is-layout-flex\" style=\"margin-top:0;margin-bottom:0;padding-top:0;padding-right:var(--wp--preset--spacing--30);padding-bottom:0;padding-left:var(--wp--preset--spacing--30)\">\n<div class=\"wp-block-column is-layout-flow wp-block-column-is-layout-flow\" style=\"padding-top:0;padding-bottom:0\">\n<div class=\"wp-block-uagb-image aligncenter uagb-block-5854671f wp-block-uagb-image--layout-default wp-block-uagb-image--effect-static wp-block-uagb-image--align-center\"><figure class=\"wp-block-uagb-image__figure\"><img decoding=\"async\" srcset=\"https:\/\/alniddo.be\/wp-content\/uploads\/2023\/09\/Cigogne-Photo1-713x1024.png \" sizes=\"auto, (max-width: 480px) 150px\" src=\"https:\/\/alniddo.be\/wp-content\/uploads\/2023\/09\/Cigogne-Photo1-713x1024.png\" alt=\"\" class=\"uag-image-113\" width=\"221\" height=\"296\" title=\"\" loading=\"lazy\"\/><\/figure><\/div>\n\n\n\n<h3 class=\"wp-block-heading has-text-align-center\">Dominique Comp\u00e8re-Demelenne<\/h3>\n\n\n\n<p class=\"has-text-align-center has-ast-global-color-7-color has-text-color has-medium-font-size\"><strong>Accueillante<\/strong><\/p>\n\n\n\n<p class=\"has-text-align-center\">Dominique a suivi une formation d\u2019accueillante d\u2019enfants autonomes a\u0300 l\u2019IFAPME durant laquelle elle a effectu\u00e9 un stage dans un milieu d\u2019accueil. Dans la foul\u00e9e, elle s\u2019est form\u00e9e a\u0300 l\u2019approche Montessori par une formation Montessori 0-3 ans de 15 jours (a\u0300 Lasnes). Avant cela, elle s\u2019est occup\u00e9e enti\u00e8rement de ses trois filles lorsqu\u2019elles \u00e9taient en \u00e2ge pr\u00e9scolaire et elle a ensuite profess\u00e9 comme architecte pendant une quinzaine d\u2019ann\u00e9es.<br><\/p>\n\n\n\n<p class=\"has-text-align-center\">04\/380.29.40.<br><\/p>\n\n\n\n<div class=\"wp-block-buttons is-content-justification-center is-layout-flex wp-container-core-buttons-is-layout-a89b3969 wp-block-buttons-is-layout-flex\">\n<div class=\"wp-block-button\"><a class=\"wp-block-button__link has-text-color has-background has-text-align-right wp-element-button\" href=\"mailto:dominicompere@gmail.com\" style=\"color:#4e4b4c;background-color:#fdcf5d\">Contacter Dominique<\/a><\/div>\n<\/div>\n<\/div>\n\n\n\n<div class=\"wp-block-column is-layout-flow wp-block-column-is-layout-flow\">\n<div class=\"wp-block-uagb-image aligncenter uagb-block-3acc6c7f wp-block-uagb-image--layout-default wp-block-uagb-image--effect-static wp-block-uagb-image--align-center\"><figure class=\"wp-block-uagb-image__figure\"><img decoding=\"async\" srcset=\"https:\/\/alniddo.be\/wp-content\/uploads\/2023\/09\/Ali3_Plan-de-travail-1-2-654x1024.png \" sizes=\"auto, (max-width: 480px) 150px\" src=\"https:\/\/alniddo.be\/wp-content\/uploads\/2023\/09\/Ali3_Plan-de-travail-1-2-654x1024.png\" alt=\"\" class=\"uag-image-303\" width=\"202\" height=\"315\" title=\"\" loading=\"lazy\"\/><\/figure><\/div>\n\n\n\n<h3 class=\"wp-block-heading has-text-align-center\">Aliz\u00e9e Comp\u00e8re<\/h3>\n\n\n\n<p class=\"has-text-align-center has-ast-global-color-7-color has-text-color has-medium-font-size\"><strong>Accueillante<\/strong><\/p>\n\n\n\n<p class=\"has-text-align-center\">Aliz\u00e9e a suivi une formation d\u2019accueillante d\u2019enfants a\u0300 l\u2019IFAPME durant laquelle elle a r\u00e9alis\u00e9 une convention de stage d\u2019un an dans une cr\u00e8che Montessori a\u0300 Li\u00e8ge. Ensuite, elle a compl\u00e9t\u00e9 ses comp\u00e9tences a\u0300 l\u2019approche Montessori lors d\u2019 une formation Montessori 0-3 ans de 15 jours (a\u0300 Lasnes). Parall\u00e8lement, elle fait des \u00e9tudes d\u2019ergoth\u00e9rapeute. Pr\u00e9c\u00e9demment, elle a \u00e9galement suivi pendant 2 ans le cursus d\u2019institutrice maternelle.<br>Pendant ses \u00e9tudes, son contact journalier avec les enfants d\u00e9j\u00e0 accueillis par Dominique lui a permis de renforcer ses motivations pour ce m\u00e9tier.<\/p>\n\n\n\n<p class=\"has-text-align-center\">0493\/72.07.29.<\/p>\n\n\n\n<div class=\"wp-block-buttons is-content-justification-center is-layout-flex wp-container-core-buttons-is-layout-a89b3969 wp-block-buttons-is-layout-flex\">\n<div class=\"wp-block-button\"><a class=\"wp-block-button__link has-text-color has-background has-text-align-right wp-element-button\" href=\"mailto:alizee.compere@gmail.com\" style=\"color:#4e4b4c;background-color:#fdcf5d\">Contacter Aliz\u00e9e<\/a><\/div>\n<\/div>\n<\/div>\n<\/div>\n","protected":false},"excerpt":{"rendered":"<p>Notre milieu d\u2019accueil est ouvert du lundi au vendredi de 7h30 \u00e0 17h30 aux enfants de 0 a\u0300 3 ans. Tous les enfants, quels qu\u2019ils soient (sans distinction de race, de rang ou de genre), sont les bienvenus. Les us et coutumes a\u0300 respecter le seront sans a priori. Le milieu d&#8217;accueil favorise l&#8217;int\u00e9gration harmonieuse [&hellip;]<\/p>\n","protected":false},"author":2,"featured_media":0,"parent":0,"menu_order":0,"comment_status":"closed","ping_status":"closed","template":"","meta":{"_uag_custom_page_level_css":"","site-sidebar-layout":"default","site-content-layout":"","ast-site-content-layout":"","site-content-style":"default","site-sidebar-style":"default","ast-global-header-display":"","ast-banner-title-visibility":"","ast-main-header-display":"","ast-hfb-above-header-display":"","ast-hfb-below-header-display":"","ast-hfb-mobile-header-display":"","site-post-title":"","ast-breadcrumbs-content":"","ast-featured-img":"","footer-sml-layout":"","theme-transparent-header-meta":"","adv-header-id-meta":"","stick-header-meta":"","header-above-stick-meta":"","header-main-stick-meta":"","header-below-stick-meta":"","astra-migrate-meta-layouts":"default","ast-page-background-enabled":"default","ast-page-background-meta":{"desktop":{"background-color":"var(--ast-global-color-4)","background-image":"","background-repeat":"repeat","background-position":"center center","background-size":"auto","background-attachment":"scroll","background-type":"","background-media":"","overlay-type":"","overlay-color":"","overlay-opacity":"","overlay-gradient":""},"tablet":{"background-color":"","background-image":"","background-repeat":"repeat","background-position":"center center","background-size":"auto","background-attachment":"scroll","background-type":"","background-media":"","overlay-type":"","overlay-color":"","overlay-opacity":"","overlay-gradient":""},"mobile":{"background-color":"","background-image":"","background-repeat":"repeat","background-position":"center center","background-size":"auto","background-attachment":"scroll","background-type":"","background-media":"","overlay-type":"","overlay-color":"","overlay-opacity":"","overlay-gradient":""}},"ast-content-background-meta":{"desktop":{"background-color":"var(--ast-global-color-5)","background-image":"","background-repeat":"repeat","background-position":"center center","background-size":"auto","background-attachment":"scroll","background-type":"","background-media":"","overlay-type":"","overlay-color":"","overlay-opacity":"","overlay-gradient":""},"tablet":{"background-color":"var(--ast-global-color-5)","background-image":"","background-repeat":"repeat","background-position":"center center","background-size":"auto","background-attachment":"scroll","background-type":"","background-media":"","overlay-type":"","overlay-color":"","overlay-opacity":"","overlay-gradient":""},"mobile":{"background-color":"var(--ast-global-color-5)","background-image":"","background-repeat":"repeat","background-position":"center center","background-size":"auto","background-attachment":"scroll","background-type":"","background-media":"","overlay-type":"","overlay-color":"","overlay-opacity":"","overlay-gradient":""}},"footnotes":""},"class_list":["post-28","page","type-page","status-publish","hentry"],"uagb_featured_image_src":{"full":false,"thumbnail":false,"medium":false,"medium_large":false,"large":false,"1536x1536":false,"2048x2048":false},"uagb_author_info":{"display_name":"Coline Comp\u00e8re","author_link":"https:\/\/alniddo.be\/index.php\/author\/coline\/"},"uagb_comment_info":0,"uagb_excerpt":"Notre milieu d\u2019accueil est ouvert du lundi au vendredi de 7h30 \u00e0 17h30 aux enfants de 0 a\u0300 3 ans. Tous les enfants, quels qu\u2019ils soient (sans distinction de race, de rang ou de genre), sont les bienvenus. Les us et coutumes a\u0300 respecter le seront sans a priori. Le milieu d&#8217;accueil favorise l&#8217;int\u00e9gration harmonieuse&hellip;","_links":{"self":[{"href":"https:\/\/alniddo.be\/index.php\/wp-json\/wp\/v2\/pages\/28","targetHints":{"allow":["GET"]}}],"collection":[{"href":"https:\/\/alniddo.be\/index.php\/wp-json\/wp\/v2\/pages"}],"about":[{"href":"https:\/\/alniddo.be\/index.php\/wp-json\/wp\/v2\/types\/page"}],"author":[{"embeddable":true,"href":"https:\/\/alniddo.be\/index.php\/wp-json\/wp\/v2\/users\/2"}],"replies":[{"embeddable":true,"href":"https:\/\/alniddo.be\/index.php\/wp-json\/wp\/v2\/comments?post=28"}],"version-history":[{"count":19,"href":"https:\/\/alniddo.be\/index.php\/wp-json\/wp\/v2\/pages\/28\/revisions"}],"predecessor-version":[{"id":304,"href":"https:\/\/alniddo.be\/index.php\/wp-json\/wp\/v2\/pages\/28\/revisions\/304"}],"wp:attachment":[{"href":"https:\/\/alniddo.be\/index.php\/wp-json\/wp\/v2\/media?parent=28"}],"curies":[{"name":"wp","href":"https:\/\/api.w.org\/{rel}","templated":true}]}}