{"id":17,"date":"2023-09-16T12:00:03","date_gmt":"2023-09-16T10:00:03","guid":{"rendered":"https:\/\/alniddo.be\/?page_id=17"},"modified":"2023-10-03T00:29:16","modified_gmt":"2023-10-02T22:29:16","slug":"accueil","status":"publish","type":"page","link":"https:\/\/alniddo.be\/","title":{"rendered":"Accueil"},"content":{"rendered":"\n<div class=\"wp-block-uagb-separator uagb-block-7fdbdcaf\"><div class=\"wp-block-uagb-separator__inner\" style=\"--my-background-image:\"><\/div><\/div>\n\n\n\n<div class=\"wp-block-uagb-slider uagb-block-6ff73cba uagb-slider-container\"><div class=\"uagb-slides uagb-swiper\"><div class=\"swiper-wrapper\">\n<div class=\"wp-block-uagb-slider-child uagb-slider-child-wrap swiper-slide uagb-block-a9f1c1b6\"><div class=\"swiper-content\">\n<div class=\"wp-block-uagb-container uagb-block-90d84533 alignfull uagb-is-root-container\"><div class=\"uagb-container-inner-blocks-wrap\">\n<div class=\"wp-block-uagb-info-box uagb-block-f16d7eaa uagb-infobox__content-wrap  uagb-infobox-icon-above-title uagb-infobox-image-valign-top\"><div class=\"uagb-ifb-content\"><div class=\"uagb-ifb-title-wrap\"><h3 class=\"uagb-ifb-title\">Al nidDo<\/h3><\/div><p class=\"uagb-ifb-desc\">Milieu d&#8217;accueil Montessori \u00e0 Plainevaux<\/p><\/div><\/div>\n<\/div><\/div>\n<\/div><\/div>\n\n\n\n<div class=\"wp-block-uagb-slider-child uagb-slider-child-wrap swiper-slide uagb-block-6d74b377\"><div class=\"swiper-content\">\n<div class=\"wp-block-uagb-container uagb-block-e7e23423 alignfull uagb-is-root-container\"><div class=\"uagb-container-inner-blocks-wrap\">\n<div class=\"wp-block-uagb-info-box uagb-block-dd89426d uagb-infobox__content-wrap  uagb-infobox-icon-above-title uagb-infobox-image-valign-top\"><div class=\"uagb-ifb-content\"><div class=\"uagb-ifb-title-wrap\"><h3 class=\"uagb-ifb-title\">Nos activit\u00e9s <\/h3><\/div><p class=\"uagb-ifb-desc\">D\u00e9couvrez toutes les activit\u00e9s qu&#8217;Al nidDo propose \u00e0 vos enfants.<\/p><div class=\"uagb-ifb-button-wrapper wp-block-button\"><a href=\"https:\/\/alniddo.be\/index.php\/page-d-exemple\/\" class=\"uagb-infobox-cta-link wp-block-button__link\" target=\"_self\" rel=\"noopener noreferrer\" onclick=\"return true;\" alt=\"\"><span class=\"uagb-inline-editing\">D\u00e9couvrez nos activit\u00e9s<\/span><\/a><\/div><\/div><\/div>\n<\/div><\/div>\n<\/div><\/div>\n\n\n\n<div class=\"wp-block-uagb-slider-child uagb-slider-child-wrap swiper-slide uagb-block-f9e092f3\"><div class=\"swiper-content\">\n<div class=\"wp-block-uagb-container uagb-block-058f297e alignfull uagb-is-root-container\"><div class=\"uagb-container-inner-blocks-wrap\">\n<div class=\"wp-block-uagb-info-box uagb-block-1e3dd403 uagb-infobox__content-wrap  uagb-infobox-icon-above-title uagb-infobox-image-valign-top\"><div class=\"uagb-ifb-content\"><div class=\"uagb-ifb-title-wrap\"><h3 class=\"uagb-ifb-title\">Nos engagements<\/h3><\/div><p class=\"uagb-ifb-desc\">D\u00e9couvrez comment nous aidons vos enfants \u00e0 bien grandir.<\/p><div class=\"uagb-ifb-button-wrapper wp-block-button\"><a href=\"https:\/\/alniddo.be\/index.php\/nos-engagements\/\" class=\"uagb-infobox-cta-link wp-block-button__link\" target=\"_self\" rel=\"noopener noreferrer\" onclick=\"return true;\" alt=\"\"><span class=\"uagb-inline-editing\">Lisez nos engagements<\/span><\/a><\/div><\/div><\/div>\n<\/div><\/div>\n<\/div><\/div>\n<\/div><\/div><div class=\"swiper-pagination\"><\/div><div class=\"swiper-button-prev\"><\/div><div class=\"swiper-button-next\"><\/div><\/div>\n\n\n\n<p class=\"has-text-color has-medium-font-size\" style=\"color:#4e4b4c\">Al nidDo, c&#8217;est un milieu d&#8217;accueil ouvert aux tout-petits dans l&#8217;esprit de la p\u00e9dagogie Montessori. Sans chercher \u00e0 arborer de label,&nbsp;Dominique et Aliz\u00e9e font chaque jour de leur mieux pour&nbsp;accompagner votre enfant de 2-3 mois \u00e0 2-3 ans dans ses premi\u00e8res d\u00e9couvertes et son chemin vers l\u2019autonomie.<\/p>\n\n\n\n<div class=\"wp-block-uagb-image uagb-block-a26fa405 wp-block-uagb-image--layout-default wp-block-uagb-image--effect-static wp-block-uagb-image--align-none\"><figure class=\"wp-block-uagb-image__figure\"><img decoding=\"async\" srcset=\"https:\/\/alniddo.be\/wp-content\/uploads\/2023\/09\/Envol-1024x205.png \" sizes=\"auto, (max-width: 480px) 150px\" src=\"https:\/\/alniddo.be\/wp-content\/uploads\/2023\/09\/Envol-1024x205.png\" alt=\"\" class=\"uag-image-95\" width=\"1200\" height=\"240\" title=\"\" loading=\"lazy\"\/><\/figure><\/div>\n\n\n\n<div class=\"wp-block-uagb-separator uagb-block-2a3f8708\"><div class=\"wp-block-uagb-separator__inner\" style=\"--my-background-image:\"><\/div><\/div>\n\n\n\n<h3 class=\"wp-block-heading\">Articles r\u00e9cents<\/h3>\n\n\n\n\t\t\t<div class=\"wp-block-uagb-post-grid uagb-post-grid  uagb-post__image-position-top uagb-post__image-enabled uagb-block-78f719f0     uagb-post__items uagb-post__columns-3 is-grid uagb-post__columns-tablet-2 uagb-post__columns-mobile-1 uagb-post__equal-height\" data-total=\"2\" style=\"\">\n\n\t\t\t\t\t\t\t\t\t\t\t\t<article class=\"uagb-post__inner-wrap\">\t\t\t\t\t\t\t\t<div class='uagb-post__image'>\n\t\t\t\t\t\t\t\t\t<a href=\"https:\/\/alniddo.be\/index.php\/2023\/09\/18\/nouveau-parking-pour-al-niddo\/\" target=\"_self\" rel=\"bookmark noopener noreferrer\" class='uagb-image-ratio-inherit'><img loading=\"lazy\" decoding=\"async\" width=\"1024\" height=\"536\" src=\"https:\/\/alniddo.be\/wp-content\/uploads\/2023\/09\/Parking_Plan-de-travail-1-1024x536.jpg\" class=\"attachment-large size-large\" alt=\"\" srcset=\"https:\/\/alniddo.be\/wp-content\/uploads\/2023\/09\/Parking_Plan-de-travail-1-1024x536.jpg 1024w, https:\/\/alniddo.be\/wp-content\/uploads\/2023\/09\/Parking_Plan-de-travail-1-300x157.jpg 300w, https:\/\/alniddo.be\/wp-content\/uploads\/2023\/09\/Parking_Plan-de-travail-1-768x402.jpg 768w, https:\/\/alniddo.be\/wp-content\/uploads\/2023\/09\/Parking_Plan-de-travail-1-1536x804.jpg 1536w, https:\/\/alniddo.be\/wp-content\/uploads\/2023\/09\/Parking_Plan-de-travail-1-2048x1072.jpg 2048w\" sizes=\"auto, (max-width: 1024px) 100vw, 1024px\" \/>\t\t\t\t\t<\/a>\n\t\t\t\t\t\t\t<\/div>\n\t\t\t\t\t\t<h4 class=\"uagb-post__title uagb-post__text\">\n\t\t\t\t<a href=\"https:\/\/alniddo.be\/index.php\/2023\/09\/18\/nouveau-parking-pour-al-niddo\/\" target=\"_self\" rel=\"bookmark noopener noreferrer\">Nouveau parking pour Al nidDo !<\/a>\n\t\t\t<\/h4>\n\t\t\t\t\t\t<div class='uagb-post__text uagb-post-grid-byline'>\n\t\t\t\t\t\t\t\t<time datetime=\"2023-09-18T19:58:57+02:00\" class=\"uagb-post__date\">\n\t\t\t\t<span class=\"dashicons-calendar dashicons\"><\/span>\t\t\t\t\t18 September 2023\t\t\t\t<\/time>\n\t\t\t\t\t\t\t<span class=\"uagb-post__comment\">\n\t\t\t\t<span class=\"dashicons-admin-comments dashicons\"><\/span>\t\t\t\t\tNo Comments\t\t\t\t<\/span>\n\t\t\t\t\t\t<\/div>\n\t\t\t\t\t\t\t<div class='uagb-post__text uagb-post__excerpt'>\n\t\t\t\t\t<p>Le nouveau parking d&#8217;Al nidDo est fin pr\u00eat. Entour\u00e9 d&#8217;une belle cl\u00f4ture, il vous permet&#8230;\t\t\t\t<\/div>\n\t\t\t\t\t\t<div class=\"uagb-post__text uagb-post__cta wp-block-button\">\n\t\t\t\t<a class=\"wp-block-button__link uagb-text-link\" style=\"\" href=\"https:\/\/alniddo.be\/index.php\/2023\/09\/18\/nouveau-parking-pour-al-niddo\/\" target=\"_self\" rel=\"bookmark noopener noreferrer\">Read More<\/a>\n\t\t\t<\/div>\n\t\t\t\n\t\t\t\t\t\t\t\t\t<\/article>\n\t\t\t\t\t\t\t\t\t\t\t\t\t\t\t\t<article class=\"uagb-post__inner-wrap\">\t\t\t\t\t\t\t\t<div class='uagb-post__image'>\n\t\t\t\t\t\t\t\t\t<a href=\"https:\/\/alniddo.be\/index.php\/2023\/09\/15\/les-news-de-lete-2023\/\" target=\"_self\" rel=\"bookmark noopener noreferrer\" class='uagb-image-ratio-inherit'><img loading=\"lazy\" decoding=\"async\" width=\"1024\" height=\"536\" src=\"https:\/\/alniddo.be\/wp-content\/uploads\/2023\/09\/Ete2023Couv_Plan-de-travail-1-1024x536.jpg\" class=\"attachment-large size-large\" alt=\"\" srcset=\"https:\/\/alniddo.be\/wp-content\/uploads\/2023\/09\/Ete2023Couv_Plan-de-travail-1-1024x536.jpg 1024w, https:\/\/alniddo.be\/wp-content\/uploads\/2023\/09\/Ete2023Couv_Plan-de-travail-1-300x157.jpg 300w, https:\/\/alniddo.be\/wp-content\/uploads\/2023\/09\/Ete2023Couv_Plan-de-travail-1-768x402.jpg 768w, https:\/\/alniddo.be\/wp-content\/uploads\/2023\/09\/Ete2023Couv_Plan-de-travail-1-1536x804.jpg 1536w, https:\/\/alniddo.be\/wp-content\/uploads\/2023\/09\/Ete2023Couv_Plan-de-travail-1-2048x1072.jpg 2048w\" sizes=\"auto, (max-width: 1024px) 100vw, 1024px\" \/>\t\t\t\t\t<\/a>\n\t\t\t\t\t\t\t<\/div>\n\t\t\t\t\t\t<h4 class=\"uagb-post__title uagb-post__text\">\n\t\t\t\t<a href=\"https:\/\/alniddo.be\/index.php\/2023\/09\/15\/les-news-de-lete-2023\/\" target=\"_self\" rel=\"bookmark noopener noreferrer\">Les news de l&#8217;\u00e9t\u00e9 2023<\/a>\n\t\t\t<\/h4>\n\t\t\t\t\t\t<div class='uagb-post__text uagb-post-grid-byline'>\n\t\t\t\t\t\t\t\t<time datetime=\"2023-09-15T19:53:35+02:00\" class=\"uagb-post__date\">\n\t\t\t\t<span class=\"dashicons-calendar dashicons\"><\/span>\t\t\t\t\t15 September 2023\t\t\t\t<\/time>\n\t\t\t\t\t\t\t<span class=\"uagb-post__comment\">\n\t\t\t\t<span class=\"dashicons-admin-comments dashicons\"><\/span>\t\t\t\t\tNo Comments\t\t\t\t<\/span>\n\t\t\t\t\t\t<\/div>\n\t\t\t\t\t\t\t<div class='uagb-post__text uagb-post__excerpt'>\n\t\t\t\t\t<p>En cette fin d&#8217;\u00e9t\u00e9 2023, il fait beau et pas trop chaud, le temps id\u00e9al&#8230;\t\t\t\t<\/div>\n\t\t\t\t\t\t<div class=\"uagb-post__text uagb-post__cta wp-block-button\">\n\t\t\t\t<a class=\"wp-block-button__link uagb-text-link\" style=\"\" href=\"https:\/\/alniddo.be\/index.php\/2023\/09\/15\/les-news-de-lete-2023\/\" target=\"_self\" rel=\"bookmark noopener noreferrer\">Read More<\/a>\n\t\t\t<\/div>\n\t\t\t\n\t\t\t\t\t\t\t\t\t<\/article>\n\t\t\t\t\t\t\t\t\t\t\t\t\t\t\t\t<article class=\"uagb-post__inner-wrap\">\t\t\t\t\t\t\t\t<div class='uagb-post__image'>\n\t\t\t\t\t\t\t\t\t<a href=\"https:\/\/alniddo.be\/index.php\/2022\/01\/10\/niddo-devient-al-niddo\/\" target=\"_self\" rel=\"bookmark noopener noreferrer\" class='uagb-image-ratio-inherit'><img loading=\"lazy\" decoding=\"async\" width=\"1024\" height=\"536\" src=\"https:\/\/alniddo.be\/wp-content\/uploads\/2023\/09\/AlNidDo_Plan-de-travail-1-1024x536.jpg\" class=\"attachment-large size-large\" alt=\"\" srcset=\"https:\/\/alniddo.be\/wp-content\/uploads\/2023\/09\/AlNidDo_Plan-de-travail-1-1024x536.jpg 1024w, https:\/\/alniddo.be\/wp-content\/uploads\/2023\/09\/AlNidDo_Plan-de-travail-1-300x157.jpg 300w, https:\/\/alniddo.be\/wp-content\/uploads\/2023\/09\/AlNidDo_Plan-de-travail-1-768x402.jpg 768w, https:\/\/alniddo.be\/wp-content\/uploads\/2023\/09\/AlNidDo_Plan-de-travail-1-1536x804.jpg 1536w, https:\/\/alniddo.be\/wp-content\/uploads\/2023\/09\/AlNidDo_Plan-de-travail-1-2048x1072.jpg 2048w\" sizes=\"auto, (max-width: 1024px) 100vw, 1024px\" \/>\t\t\t\t\t<\/a>\n\t\t\t\t\t\t\t<\/div>\n\t\t\t\t\t\t<h4 class=\"uagb-post__title uagb-post__text\">\n\t\t\t\t<a href=\"https:\/\/alniddo.be\/index.php\/2022\/01\/10\/niddo-devient-al-niddo\/\" target=\"_self\" rel=\"bookmark noopener noreferrer\">NidDo devient Al nidDo\u00a0!<\/a>\n\t\t\t<\/h4>\n\t\t\t\t\t\t<div class='uagb-post__text uagb-post-grid-byline'>\n\t\t\t\t\t\t\t\t<time datetime=\"2022-01-10T19:35:09+01:00\" class=\"uagb-post__date\">\n\t\t\t\t<span class=\"dashicons-calendar dashicons\"><\/span>\t\t\t\t\t10 January 2022\t\t\t\t<\/time>\n\t\t\t\t\t\t\t<span class=\"uagb-post__comment\">\n\t\t\t\t<span class=\"dashicons-admin-comments dashicons\"><\/span>\t\t\t\t\tNo Comments\t\t\t\t<\/span>\n\t\t\t\t\t\t<\/div>\n\t\t\t\t\t\t\t<div class='uagb-post__text uagb-post__excerpt'>\n\t\t\t\t\t<p>Aujourd&#8217;hui, il n\u2019y a pas que Dominique et les petits bouts qui font leur rentr\u00e9e&#8230;.\t\t\t\t<\/div>\n\t\t\t\t\t\t<div class=\"uagb-post__text uagb-post__cta wp-block-button\">\n\t\t\t\t<a class=\"wp-block-button__link uagb-text-link\" style=\"\" href=\"https:\/\/alniddo.be\/index.php\/2022\/01\/10\/niddo-devient-al-niddo\/\" target=\"_self\" rel=\"bookmark noopener noreferrer\">Read More<\/a>\n\t\t\t<\/div>\n\t\t\t\n\t\t\t\t\t\t\t\t\t<\/article>\n\t\t\t\t\t\t\t\t\t\t\t\t\t\t\t\t<article class=\"uagb-post__inner-wrap\">\t\t\t\t\t\t\t\t<div class='uagb-post__image'>\n\t\t\t\t\t\t\t\t\t<a href=\"https:\/\/alniddo.be\/index.php\/2020\/04\/01\/video-de-confinement-1\/\" target=\"_self\" rel=\"bookmark noopener noreferrer\" class='uagb-image-ratio-inherit'><img loading=\"lazy\" decoding=\"async\" width=\"1024\" height=\"536\" src=\"https:\/\/alniddo.be\/wp-content\/uploads\/2023\/09\/Contact-_Plan-de-travail-1-1024x536.jpg\" class=\"attachment-large size-large\" alt=\"\" srcset=\"https:\/\/alniddo.be\/wp-content\/uploads\/2023\/09\/Contact-_Plan-de-travail-1-1024x536.jpg 1024w, https:\/\/alniddo.be\/wp-content\/uploads\/2023\/09\/Contact-_Plan-de-travail-1-300x157.jpg 300w, https:\/\/alniddo.be\/wp-content\/uploads\/2023\/09\/Contact-_Plan-de-travail-1-768x402.jpg 768w, https:\/\/alniddo.be\/wp-content\/uploads\/2023\/09\/Contact-_Plan-de-travail-1-1536x804.jpg 1536w, https:\/\/alniddo.be\/wp-content\/uploads\/2023\/09\/Contact-_Plan-de-travail-1-2048x1072.jpg 2048w\" sizes=\"auto, (max-width: 1024px) 100vw, 1024px\" \/>\t\t\t\t\t<\/a>\n\t\t\t\t\t\t\t<\/div>\n\t\t\t\t\t\t<h4 class=\"uagb-post__title uagb-post__text\">\n\t\t\t\t<a href=\"https:\/\/alniddo.be\/index.php\/2020\/04\/01\/video-de-confinement-1\/\" target=\"_self\" rel=\"bookmark noopener noreferrer\">Vid\u00e9o de confinement \u2013 1<\/a>\n\t\t\t<\/h4>\n\t\t\t\t\t\t<div class='uagb-post__text uagb-post-grid-byline'>\n\t\t\t\t\t\t\t\t<time datetime=\"2020-04-01T22:28:50+02:00\" class=\"uagb-post__date\">\n\t\t\t\t<span class=\"dashicons-calendar dashicons\"><\/span>\t\t\t\t\t1 April 2020\t\t\t\t<\/time>\n\t\t\t\t\t\t\t<span class=\"uagb-post__comment\">\n\t\t\t\t<span class=\"dashicons-admin-comments dashicons\"><\/span>\t\t\t\t\tNo Comments\t\t\t\t<\/span>\n\t\t\t\t\t\t<\/div>\n\t\t\t\t\t\t\t<div class='uagb-post__text uagb-post__excerpt'>\n\t\t\t\t\t<p>Premi\u00e8re&nbsp;petite vid\u00e9o&nbsp;pour maintenir le lien avec les copains et copines qui ne sont pas avec&#8230;\t\t\t\t<\/div>\n\t\t\t\t\t\t<div class=\"uagb-post__text uagb-post__cta wp-block-button\">\n\t\t\t\t<a class=\"wp-block-button__link uagb-text-link\" style=\"\" href=\"https:\/\/alniddo.be\/index.php\/2020\/04\/01\/video-de-confinement-1\/\" target=\"_self\" rel=\"bookmark noopener noreferrer\">Read More<\/a>\n\t\t\t<\/div>\n\t\t\t\n\t\t\t\t\t\t\t\t\t<\/article>\n\t\t\t\t\t\t\t\t\t\t\t\t\t\t\t\t<article class=\"uagb-post__inner-wrap\">\t\t\t\t\t\t\t\t<div class='uagb-post__image'>\n\t\t\t\t\t\t\t\t\t<a href=\"https:\/\/alniddo.be\/index.php\/2020\/01\/28\/triangles-pickler-une-semaine-de-travail-un-resultat-genial\/\" target=\"_self\" rel=\"bookmark noopener noreferrer\" class='uagb-image-ratio-inherit'><img loading=\"lazy\" decoding=\"async\" width=\"1024\" height=\"536\" src=\"https:\/\/alniddo.be\/wp-content\/uploads\/2023\/09\/Pickler-10-1024x768_Plan-de-travail-1-1024x536.jpg\" class=\"attachment-large size-large\" alt=\"\" srcset=\"https:\/\/alniddo.be\/wp-content\/uploads\/2023\/09\/Pickler-10-1024x768_Plan-de-travail-1-1024x536.jpg 1024w, https:\/\/alniddo.be\/wp-content\/uploads\/2023\/09\/Pickler-10-1024x768_Plan-de-travail-1-300x157.jpg 300w, https:\/\/alniddo.be\/wp-content\/uploads\/2023\/09\/Pickler-10-1024x768_Plan-de-travail-1-768x402.jpg 768w, https:\/\/alniddo.be\/wp-content\/uploads\/2023\/09\/Pickler-10-1024x768_Plan-de-travail-1-1536x804.jpg 1536w, https:\/\/alniddo.be\/wp-content\/uploads\/2023\/09\/Pickler-10-1024x768_Plan-de-travail-1-2048x1072.jpg 2048w\" sizes=\"auto, (max-width: 1024px) 100vw, 1024px\" \/>\t\t\t\t\t<\/a>\n\t\t\t\t\t\t\t<\/div>\n\t\t\t\t\t\t<h4 class=\"uagb-post__title uagb-post__text\">\n\t\t\t\t<a href=\"https:\/\/alniddo.be\/index.php\/2020\/01\/28\/triangles-pickler-une-semaine-de-travail-un-resultat-genial\/\" target=\"_self\" rel=\"bookmark noopener noreferrer\">Triangles Pickler : une semaine de travail, un r\u00e9sultat g\u00e9nial.<\/a>\n\t\t\t<\/h4>\n\t\t\t\t\t\t<div class='uagb-post__text uagb-post-grid-byline'>\n\t\t\t\t\t\t\t\t<time datetime=\"2020-01-28T22:22:54+01:00\" class=\"uagb-post__date\">\n\t\t\t\t<span class=\"dashicons-calendar dashicons\"><\/span>\t\t\t\t\t28 January 2020\t\t\t\t<\/time>\n\t\t\t\t\t\t\t<span class=\"uagb-post__comment\">\n\t\t\t\t<span class=\"dashicons-admin-comments dashicons\"><\/span>\t\t\t\t\tNo Comments\t\t\t\t<\/span>\n\t\t\t\t\t\t<\/div>\n\t\t\t\t\t\t\t<div class='uagb-post__text uagb-post__excerpt'>\n\t\t\t\t\t<p>No\u00ebl 2019 : notre projet fou de fabriquer nous-m\u00eames des triangles Pickler pour les oisillons&#8230;\t\t\t\t<\/div>\n\t\t\t\t\t\t<div class=\"uagb-post__text uagb-post__cta wp-block-button\">\n\t\t\t\t<a class=\"wp-block-button__link uagb-text-link\" style=\"\" href=\"https:\/\/alniddo.be\/index.php\/2020\/01\/28\/triangles-pickler-une-semaine-de-travail-un-resultat-genial\/\" target=\"_self\" rel=\"bookmark noopener noreferrer\">Read More<\/a>\n\t\t\t<\/div>\n\t\t\t\n\t\t\t\t\t\t\t\t\t<\/article>\n\t\t\t\t\t\t\t\t\t\t\t\t\t\t\t\t<article class=\"uagb-post__inner-wrap\">\t\t\t\t\t\t\t\t<div class='uagb-post__image'>\n\t\t\t\t\t\t\t\t\t<a href=\"https:\/\/alniddo.be\/index.php\/2019\/07\/11\/manege-de-chevaux-ruisseau-foret\/\" target=\"_self\" rel=\"bookmark noopener noreferrer\" class='uagb-image-ratio-inherit'><img loading=\"lazy\" decoding=\"async\" width=\"1024\" height=\"536\" src=\"https:\/\/alniddo.be\/wp-content\/uploads\/2023\/09\/IMG_7971-e1562872910972-768x1024_Plan-de-travail-1-1024x536.jpg\" class=\"attachment-large size-large\" alt=\"\" srcset=\"https:\/\/alniddo.be\/wp-content\/uploads\/2023\/09\/IMG_7971-e1562872910972-768x1024_Plan-de-travail-1-1024x536.jpg 1024w, https:\/\/alniddo.be\/wp-content\/uploads\/2023\/09\/IMG_7971-e1562872910972-768x1024_Plan-de-travail-1-300x157.jpg 300w, https:\/\/alniddo.be\/wp-content\/uploads\/2023\/09\/IMG_7971-e1562872910972-768x1024_Plan-de-travail-1-768x402.jpg 768w, https:\/\/alniddo.be\/wp-content\/uploads\/2023\/09\/IMG_7971-e1562872910972-768x1024_Plan-de-travail-1-1536x804.jpg 1536w, https:\/\/alniddo.be\/wp-content\/uploads\/2023\/09\/IMG_7971-e1562872910972-768x1024_Plan-de-travail-1-2048x1072.jpg 2048w\" sizes=\"auto, (max-width: 1024px) 100vw, 1024px\" \/>\t\t\t\t\t<\/a>\n\t\t\t\t\t\t\t<\/div>\n\t\t\t\t\t\t<h4 class=\"uagb-post__title uagb-post__text\">\n\t\t\t\t<a href=\"https:\/\/alniddo.be\/index.php\/2019\/07\/11\/manege-de-chevaux-ruisseau-foret\/\" target=\"_self\" rel=\"bookmark noopener noreferrer\">Man\u00e8ge de chevaux, ruisseau, for\u00eat\u2026<\/a>\n\t\t\t<\/h4>\n\t\t\t\t\t\t<div class='uagb-post__text uagb-post-grid-byline'>\n\t\t\t\t\t\t\t\t<time datetime=\"2019-07-11T22:11:02+02:00\" class=\"uagb-post__date\">\n\t\t\t\t<span class=\"dashicons-calendar dashicons\"><\/span>\t\t\t\t\t11 July 2019\t\t\t\t<\/time>\n\t\t\t\t\t\t\t<span class=\"uagb-post__comment\">\n\t\t\t\t<span class=\"dashicons-admin-comments dashicons\"><\/span>\t\t\t\t\tNo Comments\t\t\t\t<\/span>\n\t\t\t\t\t\t<\/div>\n\t\t\t\t\t\t\t<div class='uagb-post__text uagb-post__excerpt'>\n\t\t\t\t\t<p>En ce d\u00e9but d\u2019\u00e9t\u00e9, les grands du milieu d\u2019accueil profitent de l\u2019absence des autres copains&#8230;\t\t\t\t<\/div>\n\t\t\t\t\t\t<div class=\"uagb-post__text uagb-post__cta wp-block-button\">\n\t\t\t\t<a class=\"wp-block-button__link uagb-text-link\" style=\"\" href=\"https:\/\/alniddo.be\/index.php\/2019\/07\/11\/manege-de-chevaux-ruisseau-foret\/\" target=\"_self\" rel=\"bookmark noopener noreferrer\">Read More<\/a>\n\t\t\t<\/div>\n\t\t\t\n\t\t\t\t\t\t\t\t\t<\/article>\n\t\t\t\t\t\t\t\t\t\t\t<\/div>\n\t\t\t","protected":false},"excerpt":{"rendered":"<p>Al nidDo, c&#8217;est un milieu d&#8217;accueil ouvert aux tout-petits dans l&#8217;esprit de la p\u00e9dagogie Montessori. Sans chercher \u00e0 arborer de label,&nbsp;Dominique et Aliz\u00e9e font chaque jour de leur mieux pour&nbsp;accompagner votre enfant de 2-3 mois \u00e0 2-3 ans dans ses premi\u00e8res d\u00e9couvertes et son chemin vers l\u2019autonomie. Articles r\u00e9cents<\/p>\n","protected":false},"author":2,"featured_media":0,"parent":0,"menu_order":0,"comment_status":"closed","ping_status":"closed","template":"","meta":{"_uag_custom_page_level_css":"","site-sidebar-layout":"no-sidebar","site-content-layout":"plain-container","ast-site-content-layout":"","site-content-style":"default","site-sidebar-style":"default","ast-global-header-display":"","ast-banner-title-visibility":"","ast-main-header-display":"","ast-hfb-above-header-display":"","ast-hfb-below-header-display":"","ast-hfb-mobile-header-display":"","site-post-title":"disabled","ast-breadcrumbs-content":"","ast-featured-img":"","footer-sml-layout":"","theme-transparent-header-meta":"enabled","adv-header-id-meta":"","stick-header-meta":"","header-above-stick-meta":"","header-main-stick-meta":"","header-below-stick-meta":"","astra-migrate-meta-layouts":"default","ast-page-background-enabled":"default","ast-page-background-meta":{"desktop":{"background-color":"var(--ast-global-color-4)","background-image":"","background-repeat":"repeat","background-position":"center center","background-size":"auto","background-attachment":"scroll","background-type":"","background-media":"","overlay-type":"","overlay-color":"","overlay-opacity":"","overlay-gradient":""},"tablet":{"background-color":"","background-image":"","background-repeat":"repeat","background-position":"center center","background-size":"auto","background-attachment":"scroll","background-type":"","background-media":"","overlay-type":"","overlay-color":"","overlay-opacity":"","overlay-gradient":""},"mobile":{"background-color":"","background-image":"","background-repeat":"repeat","background-position":"center center","background-size":"auto","background-attachment":"scroll","background-type":"","background-media":"","overlay-type":"","overlay-color":"","overlay-opacity":"","overlay-gradient":""}},"ast-content-background-meta":{"desktop":{"background-color":"var(--ast-global-color-5)","background-image":"","background-repeat":"repeat","background-position":"center center","background-size":"auto","background-attachment":"scroll","background-type":"","background-media":"","overlay-type":"","overlay-color":"","overlay-opacity":"","overlay-gradient":""},"tablet":{"background-color":"var(--ast-global-color-5)","background-image":"","background-repeat":"repeat","background-position":"center center","background-size":"auto","background-attachment":"scroll","background-type":"","background-media":"","overlay-type":"","overlay-color":"","overlay-opacity":"","overlay-gradient":""},"mobile":{"background-color":"var(--ast-global-color-5)","background-image":"","background-repeat":"repeat","background-position":"center center","background-size":"auto","background-attachment":"scroll","background-type":"","background-media":"","overlay-type":"","overlay-color":"","overlay-opacity":"","overlay-gradient":""}},"footnotes":""},"class_list":["post-17","page","type-page","status-publish","hentry"],"uagb_featured_image_src":{"full":false,"thumbnail":false,"medium":false,"medium_large":false,"large":false,"1536x1536":false,"2048x2048":false},"uagb_author_info":{"display_name":"Coline Comp\u00e8re","author_link":"https:\/\/alniddo.be\/index.php\/author\/coline\/"},"uagb_comment_info":0,"uagb_excerpt":"Al nidDo, c&#8217;est un milieu d&#8217;accueil ouvert aux tout-petits dans l&#8217;esprit de la p\u00e9dagogie Montessori. Sans chercher \u00e0 arborer de label,&nbsp;Dominique et Aliz\u00e9e font chaque jour de leur mieux pour&nbsp;accompagner votre enfant de 2-3 mois \u00e0 2-3 ans dans ses premi\u00e8res d\u00e9couvertes et son chemin vers l\u2019autonomie. Articles r\u00e9cents","_links":{"self":[{"href":"https:\/\/alniddo.be\/index.php\/wp-json\/wp\/v2\/pages\/17","targetHints":{"allow":["GET"]}}],"collection":[{"href":"https:\/\/alniddo.be\/index.php\/wp-json\/wp\/v2\/pages"}],"about":[{"href":"https:\/\/alniddo.be\/index.php\/wp-json\/wp\/v2\/types\/page"}],"author":[{"embeddable":true,"href":"https:\/\/alniddo.be\/index.php\/wp-json\/wp\/v2\/users\/2"}],"replies":[{"embeddable":true,"href":"https:\/\/alniddo.be\/index.php\/wp-json\/wp\/v2\/comments?post=17"}],"version-history":[{"count":43,"href":"https:\/\/alniddo.be\/index.php\/wp-json\/wp\/v2\/pages\/17\/revisions"}],"predecessor-version":[{"id":671,"href":"https:\/\/alniddo.be\/index.php\/wp-json\/wp\/v2\/pages\/17\/revisions\/671"}],"wp:attachment":[{"href":"https:\/\/alniddo.be\/index.php\/wp-json\/wp\/v2\/media?parent=17"}],"curies":[{"name":"wp","href":"https:\/\/api.w.org\/{rel}","templated":true}]}}